{"id":262,"date":"2016-07-04T18:04:20","date_gmt":"2016-07-04T16:04:20","guid":{"rendered":"http:\/\/www.baptisten-stralsund.de\/EFGwordpress\/?page_id=262"},"modified":"2021-06-21T20:16:46","modified_gmt":"2021-06-21T18:16:46","slug":"anfahrt","status":"publish","type":"page","link":"https:\/\/www.baptisten-stralsund.de\/EFGwordpress\/anfahrt\/","title":{"rendered":"Anfahrt"},"content":{"rendered":"<div id=\"lmm_3d9237cc\" style=\"width:90%;\" class=\"mapsmarker layermap layer-1\">\n<div id=\"lmm_map_3d9237cc\" class=\"lmm-map\" style=\"background:#f6f6f6;border:1px solid #ccc;height:480px; overflow:hidden;padding:0;\"><p style=\"font-size:80%;color:#9f9e9e;margin-left:5px;\">Karte wird geladen - bitte warten...<noscript><br\/><strong>Karte konnte nicht geladen werden - bitte aktivieren Sie Javascript!<\/strong><br\/><a style=\"text-decoration:none;\" href=\"https:\/\/www.mapsmarker.com\/js-disabled\" target=\"_blank\">&rarr; Weitere Informationen<\/a><\/noscript><\/p><\/div>\n<div id=\"lmm_geo_tags_3d9237cc_1\" class=\"lmm-geo-tags geo\">EFG Haupteingang: <span class=\"latitude\">54.316213<\/span>, <span class=\"longitude\">13.093230<\/span><\/div>\n<div id=\"lmm_geo_tags_3d9237cc_2\" class=\"lmm-geo-tags geo\">Hintereingang: <span class=\"latitude\">54.316013<\/span>, <span class=\"longitude\">13.093176<\/span><\/div>\n<\/div>\n\n\n\n<p><\/p>\n\n\n\n<p>EFG Baptisten Stralsund<br>F\u00e4hrstra\u00dfe 11<br>18439 Stralsund<\/p>\n","protected":false},"excerpt":{"rendered":"<p>EFG Baptisten StralsundF\u00e4hrstra\u00dfe 1118439 Stralsund<\/p>\n","protected":false},"author":1,"featured_media":0,"parent":0,"menu_order":0,"comment_status":"closed","ping_status":"closed","template":"","meta":{"jetpack_post_was_ever_published":false,"footnotes":""},"class_list":["post-262","page","type-page","status-publish","hentry"],"yoast_head":"<!-- This site is optimized with the Yoast SEO plugin v26.6 - https:\/\/yoast.com\/wordpress\/plugins\/seo\/ -->\n<title>Anfahrt - EFG Stralsund und Grimmen<\/title>\n<meta name=\"robots\" content=\"index, follow, max-snippet:-1, max-image-preview:large, max-video-preview:-1\" \/>\n<link rel=\"canonical\" href=\"https:\/\/www.baptisten-stralsund.de\/EFGwordpress\/anfahrt\/\" \/>\n<meta property=\"og:locale\" content=\"de_DE\" \/>\n<meta property=\"og:type\" content=\"article\" \/>\n<meta property=\"og:title\" content=\"Anfahrt - EFG Stralsund und Grimmen\" \/>\n<meta property=\"og:description\" content=\"EFG Baptisten StralsundF\u00e4hrstra\u00dfe 1118439 Stralsund\" \/>\n<meta property=\"og:url\" content=\"https:\/\/www.baptisten-stralsund.de\/EFGwordpress\/anfahrt\/\" \/>\n<meta property=\"og:site_name\" content=\"EFG Stralsund und Grimmen\" \/>\n<meta property=\"article:modified_time\" content=\"2021-06-21T18:16:46+00:00\" \/>\n<meta name=\"twitter:card\" content=\"summary_large_image\" \/>\n<meta name=\"twitter:label1\" content=\"Gesch\u00e4tzte Lesezeit\" \/>\n\t<meta name=\"twitter:data1\" content=\"1\u00a0Minute\" \/>\n<script type=\"application\/ld+json\" class=\"yoast-schema-graph\">{\"@context\":\"https:\/\/schema.org\",\"@graph\":[{\"@type\":\"WebPage\",\"@id\":\"https:\/\/www.baptisten-stralsund.de\/EFGwordpress\/anfahrt\/\",\"url\":\"https:\/\/www.baptisten-stralsund.de\/EFGwordpress\/anfahrt\/\",\"name\":\"Anfahrt - EFG Stralsund und Grimmen\",\"isPartOf\":{\"@id\":\"https:\/\/www.baptisten-stralsund.de\/EFGwordpress\/#website\"},\"datePublished\":\"2016-07-04T16:04:20+00:00\",\"dateModified\":\"2021-06-21T18:16:46+00:00\",\"breadcrumb\":{\"@id\":\"https:\/\/www.baptisten-stralsund.de\/EFGwordpress\/anfahrt\/#breadcrumb\"},\"inLanguage\":\"de\",\"potentialAction\":[{\"@type\":\"ReadAction\",\"target\":[\"https:\/\/www.baptisten-stralsund.de\/EFGwordpress\/anfahrt\/\"]}]},{\"@type\":\"BreadcrumbList\",\"@id\":\"https:\/\/www.baptisten-stralsund.de\/EFGwordpress\/anfahrt\/#breadcrumb\",\"itemListElement\":[{\"@type\":\"ListItem\",\"position\":1,\"name\":\"Startseite\",\"item\":\"https:\/\/www.baptisten-stralsund.de\/EFGwordpress\/\"},{\"@type\":\"ListItem\",\"position\":2,\"name\":\"Anfahrt\"}]},{\"@type\":\"WebSite\",\"@id\":\"https:\/\/www.baptisten-stralsund.de\/EFGwordpress\/#website\",\"url\":\"https:\/\/www.baptisten-stralsund.de\/EFGwordpress\/\",\"name\":\"EFG Stralsund und Grimmen\",\"description\":\"Evangelisch-Freikirchliche Gemeinde Stralsund und Grimmen\",\"potentialAction\":[{\"@type\":\"SearchAction\",\"target\":{\"@type\":\"EntryPoint\",\"urlTemplate\":\"https:\/\/www.baptisten-stralsund.de\/EFGwordpress\/?s={search_term_string}\"},\"query-input\":{\"@type\":\"PropertyValueSpecification\",\"valueRequired\":true,\"valueName\":\"search_term_string\"}}],\"inLanguage\":\"de\"}]}<\/script>\n<!-- \/ Yoast SEO plugin. -->","yoast_head_json":{"title":"Anfahrt - EFG Stralsund und Grimmen","robots":{"index":"index","follow":"follow","max-snippet":"max-snippet:-1","max-image-preview":"max-image-preview:large","max-video-preview":"max-video-preview:-1"},"canonical":"https:\/\/www.baptisten-stralsund.de\/EFGwordpress\/anfahrt\/","og_locale":"de_DE","og_type":"article","og_title":"Anfahrt - EFG Stralsund und Grimmen","og_description":"EFG Baptisten StralsundF\u00e4hrstra\u00dfe 1118439 Stralsund","og_url":"https:\/\/www.baptisten-stralsund.de\/EFGwordpress\/anfahrt\/","og_site_name":"EFG Stralsund und Grimmen","article_modified_time":"2021-06-21T18:16:46+00:00","twitter_card":"summary_large_image","twitter_misc":{"Gesch\u00e4tzte Lesezeit":"1\u00a0Minute"},"schema":{"@context":"https:\/\/schema.org","@graph":[{"@type":"WebPage","@id":"https:\/\/www.baptisten-stralsund.de\/EFGwordpress\/anfahrt\/","url":"https:\/\/www.baptisten-stralsund.de\/EFGwordpress\/anfahrt\/","name":"Anfahrt - EFG Stralsund und Grimmen","isPartOf":{"@id":"https:\/\/www.baptisten-stralsund.de\/EFGwordpress\/#website"},"datePublished":"2016-07-04T16:04:20+00:00","dateModified":"2021-06-21T18:16:46+00:00","breadcrumb":{"@id":"https:\/\/www.baptisten-stralsund.de\/EFGwordpress\/anfahrt\/#breadcrumb"},"inLanguage":"de","potentialAction":[{"@type":"ReadAction","target":["https:\/\/www.baptisten-stralsund.de\/EFGwordpress\/anfahrt\/"]}]},{"@type":"BreadcrumbList","@id":"https:\/\/www.baptisten-stralsund.de\/EFGwordpress\/anfahrt\/#breadcrumb","itemListElement":[{"@type":"ListItem","position":1,"name":"Startseite","item":"https:\/\/www.baptisten-stralsund.de\/EFGwordpress\/"},{"@type":"ListItem","position":2,"name":"Anfahrt"}]},{"@type":"WebSite","@id":"https:\/\/www.baptisten-stralsund.de\/EFGwordpress\/#website","url":"https:\/\/www.baptisten-stralsund.de\/EFGwordpress\/","name":"EFG Stralsund und Grimmen","description":"Evangelisch-Freikirchliche Gemeinde Stralsund und Grimmen","potentialAction":[{"@type":"SearchAction","target":{"@type":"EntryPoint","urlTemplate":"https:\/\/www.baptisten-stralsund.de\/EFGwordpress\/?s={search_term_string}"},"query-input":{"@type":"PropertyValueSpecification","valueRequired":true,"valueName":"search_term_string"}}],"inLanguage":"de"}]}},"jetpack_sharing_enabled":true,"jetpack_shortlink":"https:\/\/wp.me\/P7w95l-4e","jetpack-related-posts":[{"id":46,"url":"https:\/\/www.baptisten-stralsund.de\/EFGwordpress\/links\/","url_meta":{"origin":262,"position":0},"title":"Links","author":"EFGHSTGMN","date":"7. Mai 2016","format":false,"excerpt":"Hier einige Links zu Freunden, anderen Gemeinden, Organisationen. Wir \u00fcbernehmen keine Verantwortung f\u00fcr die Inhalte dieser Links, da wir keinen Einfluss darauf haben. Bund Evangelisch-Freikirchlicher Gemeinden in Deutschland Baptisten in Deutschland. Evangelisch-Freikirchliche Gemeinden in MV Baptisten im Landesverband Mecklenburg-Vorpommern. Gemeindejugendwerk Mecklenburg-Vorpommern Freizeiten, Events und Schulungen f\u00fcr Kinder und Jugendliche Oncken-Verlag\u00a0\u2026","rel":"","context":"\u00c4hnlicher Beitrag","block_context":{"text":"\u00c4hnlicher Beitrag","link":""},"img":{"alt_text":"","src":"","width":0,"height":0},"classes":[]},{"id":2,"url":"https:\/\/www.baptisten-stralsund.de\/EFGwordpress\/","url_meta":{"origin":262,"position":1},"title":"Home","author":"EFGHSTGMN","date":"31. August 2015","format":false,"excerpt":"Willkommen auf der Homepage derEvangelisch-Freikirchlichen GemeindeStralsund (Baptisten).\u00a0Wir wollen hier einenkleinen Einblick in unser Gemeindeleben geben. Richtig kennenlernen k\u00f6nnen Sieuns aber nur, wenn Sie pers\u00f6nlich vorbeischauen.Stralsund und Grimmen ergeben zusammen dieGesamtgemeinde. \u00a0","rel":"","context":"\u00c4hnlicher Beitrag","block_context":{"text":"\u00c4hnlicher Beitrag","link":""},"img":{"alt_text":"","src":"https:\/\/i0.wp.com\/www.baptisten-stralsund.de\/EFGwordpress\/wp-content\/uploads\/2015\/08\/Stralsundbilder-022-225x300.jpg?resize=350%2C200","width":350,"height":200},"classes":[]},{"id":40,"url":"https:\/\/www.baptisten-stralsund.de\/EFGwordpress\/kontakt\/","url_meta":{"origin":262,"position":2},"title":"Kontakt","author":"EFGHSTGMN","date":"7. Mai 2016","format":false,"excerpt":"Kontakt: email@baptisten-stralsund.de Pastor: Daniel M\u00fcller (03831 458500) pastor@baptisten-stralsund.de Gemeindeleitung: Christoph L\u00f6wen & Marco Stange gemeindeleitung@baptisten-stralsund.de Jugend:\u00a0jugend@baptisten-stralsund.de Bankverbindung: IBAN: DE82 5009 2100 0000 6556 00\u00a0 \u00a0BIC: GENODE51BH2","rel":"","context":"\u00c4hnlicher Beitrag","block_context":{"text":"\u00c4hnlicher Beitrag","link":""},"img":{"alt_text":"","src":"","width":0,"height":0},"classes":[]},{"id":1147,"url":"https:\/\/www.baptisten-stralsund.de\/EFGwordpress\/gottesdienst\/predigten-2024\/","url_meta":{"origin":262,"position":3},"title":"Predigten 2024","author":"EFGHSTGMN","date":"31. Dezember 2023","format":false,"excerpt":"Hier finden Sie einige Predigten zum Nachh\u00f6ren. Die Rechte verbleiben selbstverst\u00e4ndlich beim Prediger. Die Tondokumente sind nur zum pers\u00f6nlichen Gebrauch bestimmt. Alles weitere m\u00fcsste mit dem Prediger abgesprochen werden.","rel":"","context":"\u00c4hnlicher Beitrag","block_context":{"text":"\u00c4hnlicher Beitrag","link":""},"img":{"alt_text":"","src":"","width":0,"height":0},"classes":[]},{"id":1207,"url":"https:\/\/www.baptisten-stralsund.de\/EFGwordpress\/gottesdienst\/predigten-2025\/","url_meta":{"origin":262,"position":4},"title":"Predigten 2025","author":"EFGHSTGMN","date":"13. Januar 2025","format":false,"excerpt":"Hier finden Sie einige Predigten zum Nachh\u00f6ren. Die Rechte verbleiben selbstverst\u00e4ndlich beim Prediger. Die Tondokumente sind nur zum pers\u00f6nlichen Gebrauch bestimmt. Alles weitere m\u00fcsste mit dem Prediger abgesprochen werden.","rel":"","context":"\u00c4hnlicher Beitrag","block_context":{"text":"\u00c4hnlicher Beitrag","link":""},"img":{"alt_text":"","src":"","width":0,"height":0},"classes":[]},{"id":1266,"url":"https:\/\/www.baptisten-stralsund.de\/EFGwordpress\/gottesdienst\/predigten-aktuell\/","url_meta":{"origin":262,"position":5},"title":"Predigten aktuell","author":"EFGHSTGMN","date":"19. Januar 2026","format":false,"excerpt":"Hier finden Sie die aktuellen Predigten zum Nachh\u00f6ren. Die Rechte verbleiben selbstverst\u00e4ndlich beim Prediger. Die Tondokumente sind nur zum pers\u00f6nlichen Gebrauch bestimmt. Alles weitere m\u00fcsste mit dem Prediger abgesprochen werden.","rel":"","context":"\u00c4hnlicher Beitrag","block_context":{"text":"\u00c4hnlicher Beitrag","link":""},"img":{"alt_text":"","src":"","width":0,"height":0},"classes":[]}],"_links":{"self":[{"href":"https:\/\/www.baptisten-stralsund.de\/EFGwordpress\/wp-json\/wp\/v2\/pages\/262","targetHints":{"allow":["GET"]}}],"collection":[{"href":"https:\/\/www.baptisten-stralsund.de\/EFGwordpress\/wp-json\/wp\/v2\/pages"}],"about":[{"href":"https:\/\/www.baptisten-stralsund.de\/EFGwordpress\/wp-json\/wp\/v2\/types\/page"}],"author":[{"embeddable":true,"href":"https:\/\/www.baptisten-stralsund.de\/EFGwordpress\/wp-json\/wp\/v2\/users\/1"}],"replies":[{"embeddable":true,"href":"https:\/\/www.baptisten-stralsund.de\/EFGwordpress\/wp-json\/wp\/v2\/comments?post=262"}],"version-history":[{"count":6,"href":"https:\/\/www.baptisten-stralsund.de\/EFGwordpress\/wp-json\/wp\/v2\/pages\/262\/revisions"}],"predecessor-version":[{"id":958,"href":"https:\/\/www.baptisten-stralsund.de\/EFGwordpress\/wp-json\/wp\/v2\/pages\/262\/revisions\/958"}],"wp:attachment":[{"href":"https:\/\/www.baptisten-stralsund.de\/EFGwordpress\/wp-json\/wp\/v2\/media?parent=262"}],"curies":[{"name":"wp","href":"https:\/\/api.w.org\/{rel}","templated":true}]}}